{"id":257,"date":"2021-07-22T18:22:25","date_gmt":"2021-07-22T18:22:25","guid":{"rendered":"https:\/\/demo.athemes.com\/botiga\/?page_id=257"},"modified":"2022-05-16T09:57:19","modified_gmt":"2022-05-16T08:57:19","slug":"contact-us","status":"publish","type":"page","link":"https:\/\/carolinesshito.hu\/?page_id=257","title":{"rendered":"Kapcsolat"},"content":{"rendered":"\n<div style=\"height:10px\" aria-hidden=\"true\" class=\"wp-block-spacer\"><\/div>\n\n\n\n<p>Ha k\u00e9rd\u00e9sed van \u00edrj nek\u00fcnk!<\/p>\n\n\n\n<p>carolinesshito@gmail.com-ra<\/p>\n\n\n\n<p>Keress minket Facebookon \u00e9s Instagramon!<\/p>\n\n\n\n<p><a href=\"https:\/\/www.facebook.com\/Carolinesshito\" target=\"_blank\" rel=\"noreferrer noopener\">https:\/\/www.facebook.com\/Carolinesshito <\/a><\/p>\n\n\n\n<p><a href=\"https:\/\/www.instagram.com\/carolinesshito\/\">https:\/\/www.instagram.com\/carolinesshito\/<\/a><\/p>\n\n\n\n<div class=\"wp-block-image\"><figure class=\"aligncenter size-large\"><img loading=\"lazy\" decoding=\"async\" width=\"819\" height=\"1024\" src=\"https:\/\/carolinesshito.hu\/wp-content\/uploads\/2022\/04\/277671298_115573424426461_7244519211798885776_n-819x1024.jpeg\" alt=\"\" class=\"wp-image-431\" srcset=\"https:\/\/carolinesshito.hu\/wp-content\/uploads\/2022\/04\/277671298_115573424426461_7244519211798885776_n-819x1024.jpeg 819w, https:\/\/carolinesshito.hu\/wp-content\/uploads\/2022\/04\/277671298_115573424426461_7244519211798885776_n-240x300.jpeg 240w, https:\/\/carolinesshito.hu\/wp-content\/uploads\/2022\/04\/277671298_115573424426461_7244519211798885776_n-768x960.jpeg 768w, https:\/\/carolinesshito.hu\/wp-content\/uploads\/2022\/04\/277671298_115573424426461_7244519211798885776_n-1229x1536.jpeg 1229w, https:\/\/carolinesshito.hu\/wp-content\/uploads\/2022\/04\/277671298_115573424426461_7244519211798885776_n-1140x1425.jpeg 1140w, https:\/\/carolinesshito.hu\/wp-content\/uploads\/2022\/04\/277671298_115573424426461_7244519211798885776_n-920x1150.jpeg 920w, https:\/\/carolinesshito.hu\/wp-content\/uploads\/2022\/04\/277671298_115573424426461_7244519211798885776_n-575x719.jpeg 575w, https:\/\/carolinesshito.hu\/wp-content\/uploads\/2022\/04\/277671298_115573424426461_7244519211798885776_n-380x475.jpeg 380w, https:\/\/carolinesshito.hu\/wp-content\/uploads\/2022\/04\/277671298_115573424426461_7244519211798885776_n-1320x1650.jpeg 1320w, https:\/\/carolinesshito.hu\/wp-content\/uploads\/2022\/04\/277671298_115573424426461_7244519211798885776_n-420x525.jpeg 420w, https:\/\/carolinesshito.hu\/wp-content\/uploads\/2022\/04\/277671298_115573424426461_7244519211798885776_n-800x1000.jpeg 800w, https:\/\/carolinesshito.hu\/wp-content\/uploads\/2022\/04\/277671298_115573424426461_7244519211798885776_n.jpeg 1440w\" sizes=\"auto, (max-width: 819px) 100vw, 819px\" \/><\/figure><\/div>\n","protected":false},"excerpt":{"rendered":"<p>Ha k\u00e9rd\u00e9sed van \u00edrj nek\u00fcnk! carolinesshito@gmail.com-ra Keress minket Facebookon \u00e9s Instagramon! https:\/\/www.facebook.com\/Carolinesshito https:\/\/www.instagram.com\/carolinesshito\/<\/p>\n","protected":false},"author":1,"featured_media":0,"parent":0,"menu_order":0,"comment_status":"closed","ping_status":"closed","template":"","meta":{"_monsterinsights_skip_tracking":false,"_monsterinsights_sitenote_active":false,"_monsterinsights_sitenote_note":"","_monsterinsights_sitenote_category":0,"footnotes":""},"class_list":["post-257","page","type-page","status-publish","hentry"],"jetpack_sharing_enabled":true,"_links":{"self":[{"href":"https:\/\/carolinesshito.hu\/index.php?rest_route=\/wp\/v2\/pages\/257","targetHints":{"allow":["GET"]}}],"collection":[{"href":"https:\/\/carolinesshito.hu\/index.php?rest_route=\/wp\/v2\/pages"}],"about":[{"href":"https:\/\/carolinesshito.hu\/index.php?rest_route=\/wp\/v2\/types\/page"}],"author":[{"embeddable":true,"href":"https:\/\/carolinesshito.hu\/index.php?rest_route=\/wp\/v2\/users\/1"}],"replies":[{"embeddable":true,"href":"https:\/\/carolinesshito.hu\/index.php?rest_route=%2Fwp%2Fv2%2Fcomments&post=257"}],"version-history":[{"count":5,"href":"https:\/\/carolinesshito.hu\/index.php?rest_route=\/wp\/v2\/pages\/257\/revisions"}],"predecessor-version":[{"id":539,"href":"https:\/\/carolinesshito.hu\/index.php?rest_route=\/wp\/v2\/pages\/257\/revisions\/539"}],"wp:attachment":[{"href":"https:\/\/carolinesshito.hu\/index.php?rest_route=%2Fwp%2Fv2%2Fmedia&parent=257"}],"curies":[{"name":"wp","href":"https:\/\/api.w.org\/{rel}","templated":true}]}}