{"id":541,"date":"2022-07-23T16:11:37","date_gmt":"2022-07-23T15:11:37","guid":{"rendered":"http:\/\/carolinesshito.hu\/?page_id=541"},"modified":"2022-07-23T16:20:48","modified_gmt":"2022-07-23T15:20:48","slug":"__trashed","status":"publish","type":"page","link":"https:\/\/carolinesshito.hu\/?page_id=541","title":{"rendered":"\u00c1ltal\u00e1nos Szerz\u0151d\u00e9si felt\u00e9telek \u00e9s Adatkezel\u00e9si t\u00e1j\u00e9koztat\u00f3"},"content":{"rendered":"\n<p><\/p>\n\n\n\n<p>Adatkezel\u00e9si t\u00e1j\u00e9koztat\u00f3nkat itt tudja let\u00f6lteni: <em><a href=\"https:\/\/carolinesshito.hu\/wp-content\/uploads\/2022\/07\/Adatvedelmi-Tajekoztato-20220718.pdf\">https:\/\/carolinesshito.hu\/wp-content\/uploads\/2022\/07\/Adatvedelmi-Tajekoztato-20220718.pdf<\/a><\/em><\/p>\n\n\n\n<p>\u00c1ltal\u00e1nos Szerz\u0151d\u00e9si felt\u00e9teleket  itt tudja let\u00f6lteni: <a href=\"https:\/\/carolinesshito.hu\/wp-content\/uploads\/2022\/07\/karolina-ASZF-20220718.pdf\">https:\/\/carolinesshito.hu\/wp-content\/uploads\/2022\/07\/karolina-ASZF-20220718.pdf<\/a><br><\/p>\n","protected":false},"excerpt":{"rendered":"<p>Adatkezel\u00e9si t\u00e1j\u00e9koztat\u00f3nkat itt tudja let\u00f6lteni: https:\/\/carolinesshito.hu\/wp-content\/uploads\/2022\/07\/Adatvedelmi-Tajekoztato-20220718.pdf \u00c1ltal\u00e1nos Szerz\u0151d\u00e9si felt\u00e9teleket itt tudja let\u00f6lteni: https:\/\/carolinesshito.hu\/wp-content\/uploads\/2022\/07\/karolina-ASZF-20220718.pdf<\/p>\n","protected":false},"author":1,"featured_media":0,"parent":0,"menu_order":0,"comment_status":"closed","ping_status":"closed","template":"","meta":{"_monsterinsights_skip_tracking":false,"_monsterinsights_sitenote_active":false,"_monsterinsights_sitenote_note":"","_monsterinsights_sitenote_category":0,"footnotes":""},"class_list":["post-541","page","type-page","status-publish","hentry"],"jetpack_sharing_enabled":true,"_links":{"self":[{"href":"https:\/\/carolinesshito.hu\/index.php?rest_route=\/wp\/v2\/pages\/541","targetHints":{"allow":["GET"]}}],"collection":[{"href":"https:\/\/carolinesshito.hu\/index.php?rest_route=\/wp\/v2\/pages"}],"about":[{"href":"https:\/\/carolinesshito.hu\/index.php?rest_route=\/wp\/v2\/types\/page"}],"author":[{"embeddable":true,"href":"https:\/\/carolinesshito.hu\/index.php?rest_route=\/wp\/v2\/users\/1"}],"replies":[{"embeddable":true,"href":"https:\/\/carolinesshito.hu\/index.php?rest_route=%2Fwp%2Fv2%2Fcomments&post=541"}],"version-history":[{"count":3,"href":"https:\/\/carolinesshito.hu\/index.php?rest_route=\/wp\/v2\/pages\/541\/revisions"}],"predecessor-version":[{"id":548,"href":"https:\/\/carolinesshito.hu\/index.php?rest_route=\/wp\/v2\/pages\/541\/revisions\/548"}],"wp:attachment":[{"href":"https:\/\/carolinesshito.hu\/index.php?rest_route=%2Fwp%2Fv2%2Fmedia&parent=541"}],"curies":[{"name":"wp","href":"https:\/\/api.w.org\/{rel}","templated":true}]}}