{"id":620,"date":"2023-03-21T10:50:42","date_gmt":"2023-03-21T09:50:42","guid":{"rendered":"https:\/\/carolinesshito.hu\/?page_id=620"},"modified":"2023-03-22T21:11:53","modified_gmt":"2023-03-22T20:11:53","slug":"viszontelado-partnereink","status":"publish","type":"page","link":"https:\/\/carolinesshito.hu\/?page_id=620","title":{"rendered":"Viszontelad\u00f3 partnereink"},"content":{"rendered":"\n<p><strong>Ha szeretn\u00e9l a parter\u00fcnk lenni akkor k\u00fcldj egy bemutatkoz\u00f3 lev\u00e9llel a carolinesshito@gmail.com-ra! <\/strong><\/p>\n\n\n\n<p>Kraft Kamra \u2013 termel\u0151i webshop<\/p>\n\n\n\n<p><a href=\"https:\/\/kraftkamra.hu\/\">https:\/\/kraftkamra.hu\/<\/a><\/p>\n\n\n\n<p>Viki Konyh\u00e1ja<\/p>\n\n\n\n<p>2230 Gy\u00f6mr\u0151, Szent Istv\u00e1n \u00fat 18.<\/p>\n\n\n\n<p><a href=\"https:\/\/www.facebook.com\/vikikonyhajabolt\/\">https:\/\/www.facebook.com\/vikikonyhajabolt\/<\/a><\/p>\n\n\n\n<div class=\"wp-block-group\"><div class=\"wp-block-group__inner-container is-layout-constrained wp-block-group-is-layout-constrained\">\n<p>Nyitvatart\u00e1s: <\/p>\n\n\n\n<p>h\u00e9tf\u0151 6:00 \u2013 18:00<\/p>\n\n\n\n<p>kedd 6:00 \u2013 18:00<\/p>\n\n\n\n<p>szerda 6:00 \u2013 18:00<\/p>\n\n\n\n<p>cs\u00fct\u00f6rt\u00f6k 6:00 \u2013 18:00<\/p>\n\n\n\n<p>p\u00e9ntek 6:00 \u2013 18:00<\/p>\n\n\n\n<p>szombat 7:00 \u2013 13:00<\/p>\n\n\n\n<p>vas\u00e1rnap Z\u00c1RVA<\/p>\n<\/div><\/div>\n\n\n\n<ul class=\"wp-block-list\"><\/ul>\n\n\n<div class=\"wp-block-image\">\n<figure class=\"aligncenter size-large\"><img loading=\"lazy\" decoding=\"async\" width=\"683\" height=\"1024\" src=\"https:\/\/carolinesshito.hu\/wp-content\/uploads\/2023\/03\/image00095-683x1024.jpeg\" alt=\"\" class=\"wp-image-629\" srcset=\"https:\/\/carolinesshito.hu\/wp-content\/uploads\/2023\/03\/image00095-683x1024.jpeg 683w, https:\/\/carolinesshito.hu\/wp-content\/uploads\/2023\/03\/image00095-200x300.jpeg 200w, https:\/\/carolinesshito.hu\/wp-content\/uploads\/2023\/03\/image00095-768x1152.jpeg 768w, https:\/\/carolinesshito.hu\/wp-content\/uploads\/2023\/03\/image00095-1024x1536.jpeg 1024w, https:\/\/carolinesshito.hu\/wp-content\/uploads\/2023\/03\/image00095-1140x1710.jpeg 1140w, https:\/\/carolinesshito.hu\/wp-content\/uploads\/2023\/03\/image00095-920x1380.jpeg 920w, https:\/\/carolinesshito.hu\/wp-content\/uploads\/2023\/03\/image00095-575x863.jpeg 575w, https:\/\/carolinesshito.hu\/wp-content\/uploads\/2023\/03\/image00095-380x570.jpeg 380w, https:\/\/carolinesshito.hu\/wp-content\/uploads\/2023\/03\/image00095-420x630.jpeg 420w, https:\/\/carolinesshito.hu\/wp-content\/uploads\/2023\/03\/image00095-800x1200.jpeg 800w, https:\/\/carolinesshito.hu\/wp-content\/uploads\/2023\/03\/image00095-rotated.jpeg 1280w\" sizes=\"auto, (max-width: 683px) 100vw, 683px\" \/><\/figure>\n<\/div>","protected":false},"excerpt":{"rendered":"<p>Ha szeretn\u00e9l a parter\u00fcnk lenni akkor k\u00fcldj egy bemutatkoz\u00f3 lev\u00e9llel a carolinesshito@gmail.com-ra! Kraft Kamra \u2013 termel\u0151i webshop https:\/\/kraftkamra.hu\/ Viki Konyh\u00e1ja 2230 Gy\u00f6mr\u0151, Szent Istv\u00e1n \u00fat 18. https:\/\/www.facebook.com\/vikikonyhajabolt\/ Nyitvatart\u00e1s: h\u00e9tf\u0151 6:00 [&hellip;]<\/p>\n","protected":false},"author":1,"featured_media":0,"parent":0,"menu_order":0,"comment_status":"closed","ping_status":"closed","template":"","meta":{"_monsterinsights_skip_tracking":false,"_monsterinsights_sitenote_active":false,"_monsterinsights_sitenote_note":"","_monsterinsights_sitenote_category":0,"footnotes":""},"class_list":["post-620","page","type-page","status-publish","hentry"],"jetpack_sharing_enabled":true,"_links":{"self":[{"href":"https:\/\/carolinesshito.hu\/index.php?rest_route=\/wp\/v2\/pages\/620","targetHints":{"allow":["GET"]}}],"collection":[{"href":"https:\/\/carolinesshito.hu\/index.php?rest_route=\/wp\/v2\/pages"}],"about":[{"href":"https:\/\/carolinesshito.hu\/index.php?rest_route=\/wp\/v2\/types\/page"}],"author":[{"embeddable":true,"href":"https:\/\/carolinesshito.hu\/index.php?rest_route=\/wp\/v2\/users\/1"}],"replies":[{"embeddable":true,"href":"https:\/\/carolinesshito.hu\/index.php?rest_route=%2Fwp%2Fv2%2Fcomments&post=620"}],"version-history":[{"count":6,"href":"https:\/\/carolinesshito.hu\/index.php?rest_route=\/wp\/v2\/pages\/620\/revisions"}],"predecessor-version":[{"id":633,"href":"https:\/\/carolinesshito.hu\/index.php?rest_route=\/wp\/v2\/pages\/620\/revisions\/633"}],"wp:attachment":[{"href":"https:\/\/carolinesshito.hu\/index.php?rest_route=%2Fwp%2Fv2%2Fmedia&parent=620"}],"curies":[{"name":"wp","href":"https:\/\/api.w.org\/{rel}","templated":true}]}}