{"id":533,"date":"2022-05-10T18:46:31","date_gmt":"2022-05-10T17:46:31","guid":{"rendered":"http:\/\/carolinesshito.hu\/?post_type=product&#038;p=533"},"modified":"2025-09-26T05:42:35","modified_gmt":"2025-09-26T04:42:35","slug":"original-shito-90gr-2","status":"publish","type":"product","link":"https:\/\/carolinesshito.hu\/?product=original-shito-90gr-2","title":{"rendered":"Original shito 90gr"},"content":{"rendered":"","protected":false},"excerpt":{"rendered":"<p>Kistermel\u0151i hagyma chutney<\/p>\n<p>\u00d6sszetev\u0151k: hagyma (57%), olaj (28%), fokhagyma (4%), chilipaprika (2%), s\u00f3 (1%), egy\u00e9b f\u0171szerek (5%). Allerg\u00e9nek: <strong>sz\u00e1r\u00edtott hal (2%), sz\u00e1r\u00edtott r\u00e1k (1%).<\/strong><\/p>\n<p>Min\u0151s\u00e9g\u00e9t meg\u0151rzi bontatlan csomagol\u00e1sban t\u00e1rolva (nap, h\u00f3nap, \u00e9v) az \u00fcveg tetej\u00e9n jelzett id\u0151pontig, napf\u00e9nyt\u0151l v\u00e9dett helyen t\u00e1rolva. Felbont\u00e1s ut\u00e1n h\u0171tve t\u00e1roland\u00f3, \u00edgy m\u00e9g 1 h\u00f3napig fogyaszthat\u00f3.<\/p>\n<p>FIGYELEM! EXTRA CS\u00cdP\u0150S!<\/p>\n","protected":false},"featured_media":685,"comment_status":"open","ping_status":"closed","template":"","meta":{"_monsterinsights_skip_tracking":false,"_monsterinsights_sitenote_active":false,"_monsterinsights_sitenote_note":"","_monsterinsights_sitenote_category":0},"product_cat":[21],"product_tag":[],"class_list":{"0":"post-533","1":"product","2":"type-product","3":"status-publish","4":"has-post-thumbnail","6":"product_cat-etel","8":"first","9":"instock","10":"shipping-taxable","11":"purchasable","12":"product-type-simple"},"jetpack_sharing_enabled":true,"_links":{"self":[{"href":"https:\/\/carolinesshito.hu\/index.php?rest_route=\/wp\/v2\/product\/533","targetHints":{"allow":["GET"]}}],"collection":[{"href":"https:\/\/carolinesshito.hu\/index.php?rest_route=\/wp\/v2\/product"}],"about":[{"href":"https:\/\/carolinesshito.hu\/index.php?rest_route=\/wp\/v2\/types\/product"}],"replies":[{"embeddable":true,"href":"https:\/\/carolinesshito.hu\/index.php?rest_route=%2Fwp%2Fv2%2Fcomments&post=533"}],"wp:featuredmedia":[{"embeddable":true,"href":"https:\/\/carolinesshito.hu\/index.php?rest_route=\/wp\/v2\/media\/685"}],"wp:attachment":[{"href":"https:\/\/carolinesshito.hu\/index.php?rest_route=%2Fwp%2Fv2%2Fmedia&parent=533"}],"wp:term":[{"taxonomy":"product_cat","embeddable":true,"href":"https:\/\/carolinesshito.hu\/index.php?rest_route=%2Fwp%2Fv2%2Fproduct_cat&post=533"},{"taxonomy":"product_tag","embeddable":true,"href":"https:\/\/carolinesshito.hu\/index.php?rest_route=%2Fwp%2Fv2%2Fproduct_tag&post=533"}],"curies":[{"name":"wp","href":"https:\/\/api.w.org\/{rel}","templated":true}]}}