{"id":705,"date":"2023-10-06T13:33:05","date_gmt":"2023-10-06T12:33:05","guid":{"rendered":"https:\/\/carolinesshito.hu\/?post_type=product&#038;p=705"},"modified":"2025-09-27T02:35:12","modified_gmt":"2025-09-27T01:35:12","slug":"shito-valogatas-390gr","status":"publish","type":"product","link":"https:\/\/carolinesshito.hu\/?product=shito-valogatas-390gr","title":{"rendered":"Shito v\u00e1logat\u00e1s 3*90gr"},"content":{"rendered":"<p>A v\u00e1logat\u00e1s tartalma 3db k\u00fcl\u00f6nb\u00f6z\u0151 shito.<\/p>\n<ul>\n<li>1db Original 90gr<\/li>\n<li>1db Vegan 90gr<\/li>\n<li>1db Easy Vegan 90gr<\/li>\n<\/ul>\n","protected":false},"excerpt":{"rendered":"<p>A v\u00e1logat\u00e1s tartalma 3db k\u00fcl\u00f6nb\u00f6z\u0151 shito. 1db Original 90gr 1db Vegan 90gr 1db Easy Vegan 90gr<\/p>\n","protected":false},"featured_media":707,"comment_status":"open","ping_status":"closed","template":"","meta":{"_monsterinsights_skip_tracking":false,"_monsterinsights_sitenote_active":false,"_monsterinsights_sitenote_note":"","_monsterinsights_sitenote_category":0},"product_cat":[21],"product_tag":[],"class_list":{"0":"post-705","1":"product","2":"type-product","3":"status-publish","4":"has-post-thumbnail","6":"product_cat-etel","8":"first","9":"outofstock","10":"shipping-taxable","11":"purchasable","12":"product-type-simple"},"jetpack_sharing_enabled":true,"_links":{"self":[{"href":"https:\/\/carolinesshito.hu\/index.php?rest_route=\/wp\/v2\/product\/705","targetHints":{"allow":["GET"]}}],"collection":[{"href":"https:\/\/carolinesshito.hu\/index.php?rest_route=\/wp\/v2\/product"}],"about":[{"href":"https:\/\/carolinesshito.hu\/index.php?rest_route=\/wp\/v2\/types\/product"}],"replies":[{"embeddable":true,"href":"https:\/\/carolinesshito.hu\/index.php?rest_route=%2Fwp%2Fv2%2Fcomments&post=705"}],"wp:featuredmedia":[{"embeddable":true,"href":"https:\/\/carolinesshito.hu\/index.php?rest_route=\/wp\/v2\/media\/707"}],"wp:attachment":[{"href":"https:\/\/carolinesshito.hu\/index.php?rest_route=%2Fwp%2Fv2%2Fmedia&parent=705"}],"wp:term":[{"taxonomy":"product_cat","embeddable":true,"href":"https:\/\/carolinesshito.hu\/index.php?rest_route=%2Fwp%2Fv2%2Fproduct_cat&post=705"},{"taxonomy":"product_tag","embeddable":true,"href":"https:\/\/carolinesshito.hu\/index.php?rest_route=%2Fwp%2Fv2%2Fproduct_tag&post=705"}],"curies":[{"name":"wp","href":"https:\/\/api.w.org\/{rel}","templated":true}]}}